{"id":13396,"date":"2014-03-24T10:54:51","date_gmt":"2014-03-24T10:54:51","guid":{"rendered":"http:\/\/demo.qodeinteractive.com\/bridge\/?page_id=13396"},"modified":"2018-12-12T17:12:25","modified_gmt":"2018-12-12T15:12:25","slug":"about-us","status":"publish","type":"page","link":"https:\/\/lumani107.net\/en\/about-us\/","title":{"rendered":"About Us"},"content":{"rendered":"<p>[vc_row css_animation=&#8221;&#8221; row_type=&#8221;row&#8221; use_row_as_full_screen_section=&#8221;no&#8221; type=&#8221;grid&#8221; angled_section=&#8221;no&#8221; text_align=&#8221;left&#8221; background_image_as_pattern=&#8221;without_pattern&#8221; background_color=&#8221;#ffffff&#8221; padding_top=&#8221;87&#8243; padding_bottom=&#8221;0&#8243;][vc_column][vc_column_text]<\/p>\n<h2 style=\"text-align: center;\">LUMANI STANDS FOR<\/h2>\n<p>[\/vc_column_text][vc_separator type=&#8221;small&#8221; position=&#8221;center&#8221; up=&#8221;7&#8243; down=&#8221;38&#8243;][\/vc_column][\/vc_row][vc_row css_animation=&#8221;&#8221; row_type=&#8221;row&#8221; use_row_as_full_screen_section=&#8221;no&#8221; type=&#8221;grid&#8221; angled_section=&#8221;no&#8221; text_align=&#8221;left&#8221; background_image_as_pattern=&#8221;without_pattern&#8221; background_color=&#8221;#ffffff&#8221;][vc_column width=&#8221;1\/3&#8243;][vc_row_inner row_type=&#8221;row&#8221; use_as_box=&#8221;use_row_as_box&#8221; type=&#8221;full_width&#8221; text_align=&#8221;left&#8221; css_animation=&#8221;&#8221; padding=&#8221;10&#8243;][vc_column_inner][vc_column_text]<\/p>\n<h5><strong>GUIDANCE<\/strong><\/h5>\n<p>[\/vc_column_text][vc_separator type=&#8221;small&#8221; position=&#8221;left&#8221; up=&#8221;6&#8243;][vc_column_text]<\/p>\n<div>\n<p>We advice in all legal aspects (within our lawfirm (Kanzlei).<br \/>\nTwo decades as a Professional Basketball Player give us the profound knowledge on all levels and phases that a player goes through.<br \/>\nTo us at Lumani it is of utmost importance to give advice to the player that helps him not only short-term but to become the player and person he can be on and off the court.<\/p>\n<\/div>\n<p>[\/vc_column_text][\/vc_column_inner][\/vc_row_inner][vc_separator type=&#8221;transparent&#8221; up=&#8221;39&#8243; down=&#8221;0&#8243;][\/vc_column][vc_column width=&#8221;1\/3&#8243;][vc_row_inner row_type=&#8221;row&#8221; use_as_box=&#8221;use_row_as_box&#8221; type=&#8221;full_width&#8221; text_align=&#8221;left&#8221; css_animation=&#8221;&#8221; padding=&#8221;10&#8243;][vc_column_inner][vc_column_text]<\/p>\n<h5><strong>EXPERTISE<\/strong><\/h5>\n<p>[\/vc_column_text][vc_separator type=&#8221;small&#8221; position=&#8221;left&#8221; up=&#8221;6&#8243;][vc_column_text]<\/p>\n<div>\n<p>The players go through many phases year by year. Starting in Preseason, first exhibition games, relationships to other players and the Coaches are formed, behaviour off the court and after its all said and done the period not knowing where the career continues and what the next contract will look like.<br \/>\nFrom my experience knowing all these phases helps tremendously to lead my clients through these very different times.<\/p>\n<\/div>\n<p>[\/vc_column_text][\/vc_column_inner][\/vc_row_inner][vc_separator type=&#8221;transparent&#8221; up=&#8221;39&#8243; down=&#8221;0&#8243;][\/vc_column][vc_column width=&#8221;1\/3&#8243;][vc_row_inner row_type=&#8221;row&#8221; use_as_box=&#8221;use_row_as_box&#8221; type=&#8221;full_width&#8221; text_align=&#8221;left&#8221; css_animation=&#8221;&#8221; padding=&#8221;10&#8243;][vc_column_inner][vc_column_text]<\/p>\n<h5><strong>PASSION<\/strong><\/h5>\n<p>[\/vc_column_text][vc_separator type=&#8221;small&#8221; position=&#8221;left&#8221; up=&#8221;6&#8243;][vc_column_text]<\/p>\n<div>\n<p>The best incentive for being motivated and successful in your job is Passion.<br \/>\nBasketball is besides my family and friends the best thing that happened to me in my life. Today it reminds me of the feeling I had as a player in a \u201ehuddle\u201c when talking to a client about on or off court stuff. This team feeling is what I enjoy most in my profession.<\/p>\n<\/div>\n<p>[\/vc_column_text][\/vc_column_inner][\/vc_row_inner][vc_separator type=&#8221;transparent&#8221; up=&#8221;39&#8243; down=&#8221;0&#8243;][\/vc_column][\/vc_row][vc_row css_animation=&#8221;&#8221; row_type=&#8221;row&#8221; use_row_as_full_screen_section=&#8221;no&#8221; type=&#8221;full_width&#8221; angled_section=&#8221;no&#8221; text_align=&#8221;left&#8221; background_image_as_pattern=&#8221;without_pattern&#8221; padding_top=&#8221;100px&#8221; padding_bottom=&#8221;100px&#8221;][vc_column]<div class='qode_parallax_layers ' style='height: 800px;' data-height=\"800\"><div class='qode_parallax_layers_holder preload_parallax_layers'><div class=\"image\" style=\"background-image:url(https:\/\/lumani107.net\/wp-content\/uploads\/2017\/07\/Zitate-2-32515_lumani_Rohdewald-Jan_135.jpg);\" ><\/div><\/div><\/div>[\/vc_column][\/vc_row][vc_row css_animation=&#8221;&#8221; row_type=&#8221;row&#8221; use_row_as_full_screen_section=&#8221;no&#8221; type=&#8221;grid&#8221; angled_section=&#8221;no&#8221; text_align=&#8221;left&#8221; background_image_as_pattern=&#8221;without_pattern&#8221; background_color=&#8221;#ffffff&#8221; padding_top=&#8221;87&#8243; padding_bottom=&#8221;0&#8243;][vc_column][vc_column_text]<\/p>\n<h2 style=\"text-align: center;\">JAN ROHDEWALD<\/h2>\n<p>[\/vc_column_text][vc_separator type=&#8221;small&#8221; position=&#8221;center&#8221; up=&#8221;7&#8243; down=&#8221;38&#8243;][vc_row_inner row_type=&#8221;row&#8221; type=&#8221;full_width&#8221; text_align=&#8221;left&#8221; padding_bottom=&#8221;36&#8243; css_animation=&#8221;&#8221;][vc_column_inner width=&#8221;1\/3&#8243;][vc_column_text]<\/p>\n<h5><strong>Vita<\/strong><\/h5>\n<p>[\/vc_column_text][vc_separator type=&#8221;small&#8221; position=&#8221;left&#8221; up=&#8221;6&#8243;][vc_column_text]Lebenslauf:<\/p>\n<table border=\"0\" cellspacing=\"0\" cellpadding=\"0\">\n<tbody>\n<tr>\n<td>22.03.1973<\/td>\n<td>born in M\u00fcnster\/Wstf, Germany<\/td>\n<\/tr>\n<tr>\n<td>1992<\/td>\n<td>Abitur (Highschool Diploma) Schillergymnasium M\u00fcnster<\/td>\n<\/tr>\n<tr>\n<td>1992\/93<\/td>\n<td>Dortmund (1.Bundesliga)<\/td>\n<\/tr>\n<tr>\n<td>1993\/94<\/td>\n<td>Herten (2. Bundesliga), \u00a0Bundeswehr Sportkompanie Warendorf<\/td>\n<\/tr>\n<tr>\n<td>1994\/98<\/td>\n<td>Telekom Bonn (Aufsteiger in die 1. Bundesliga, Vizemeister &#8217;98), Beginn Jurastudium in K\u00f6ln<\/td>\n<\/tr>\n<tr>\n<td>1998\/99<\/td>\n<td>TSV Quakenbr\u00fcck (2.Bundesliga)<\/td>\n<\/tr>\n<tr>\n<td>1999\/2002<\/td>\n<td>TSK Bamberg (1.Bundesliga)<\/td>\n<\/tr>\n<tr>\n<td>2002\/03<\/td>\n<td>EnBW Ludwigsburg (1.Bundesliga)<\/td>\n<\/tr>\n<tr>\n<td>2003\/09<\/td>\n<td>Artland Dragons (1.Bundesliga &#8211; Pokalsieger, Vizemeister)<\/td>\n<\/tr>\n<tr>\n<td>2009\/10<\/td>\n<td>Osnabr\u00fcck (2. Bundesliga)<\/td>\n<\/tr>\n<tr>\n<td>2011<\/td>\n<td>2. Staatsexamen &#8211; Rechtsanwalt in der Kanzlei Schmidt, R\u00fcsing und Partner in M\u00fcnster, Spielerberater<\/td>\n<\/tr>\n<\/tbody>\n<\/table>\n<p>[\/vc_column_text][vc_separator type=&#8221;transparent&#8221; up=&#8221;39&#8243; down=&#8221;0&#8243;][\/vc_column_inner][vc_column_inner width=&#8221;2\/3&#8243;][vc_column_text]<\/p>\n<h5>Self-Conception<\/h5>\n<p>[\/vc_column_text][vc_separator type=&#8221;small&#8221; position=&#8221;left&#8221; up=&#8221;6&#8243;][vc_column_text]<\/p>\n<div class=\"paragraph\">\n<div class=\"paragraph\">\n<p>The goal is to prepare the player for all tasks that he will face on and off the court.<\/p>\n<p>The contract itself is of course one of the main subjects an agent deals with.<\/p>\n<p>Being a lawyer it is my day to day business to deal with contracts and negotiate them. A focus of mine is to explain to the player what clauses in the contract mean, so he understands in total what he is signing.<\/p>\n<p>Another part on a day to day basis is the game itself. Since I have playing on a high level myself for a long time enables me to understand what my client is going through good or bad and to give advice accordingly.<\/p>\n<p>Lastly there is off the court stuff that needs to be handled. It could be of private, legal or medical nature. Quick solutions are of immense importance in the world of sports. The quicker the player is back at 100%, the better for his performance and career.<\/p>\n<\/div>\n<\/div>\n<p>[\/vc_column_text][\/vc_column_inner][\/vc_row_inner][\/vc_column][\/vc_row][vc_row css_animation=&#8221;&#8221; row_type=&#8221;row&#8221; use_row_as_full_screen_section=&#8221;no&#8221; type=&#8221;full_width&#8221; angled_section=&#8221;no&#8221; text_align=&#8221;left&#8221; background_image_as_pattern=&#8221;without_pattern&#8221;][vc_column]<div class='testimonials_holder clearfix '><div class=\"testimonials testimonials_carousel\" data-show-navigation=\"no\" data-animation-type=\"fade\" data-animation-speed=\"\" data-auto-rotate-slides=\"0\" data-number-per-slide=\"1\"><ul class=\"slides\"><li id=\"testimonials15031\" class=\"testimonial_content\"><div class=\"testimonial_content_inner\"><div class=\"testimonial_text_holder\" style=\"background-image: url(https:\/\/lumani107.net\/wp-content\/uploads\/2017\/10\/Maxi_Zitat_1600_700-2000x500.jpg)\"><div class=\"testimonial_text_inner\" style=\"\"><p>Mir ist es wichtig, dass meine eigenen Vorstellungen von meinem Agenten ber\u00fccksichtig werden. Mit Jan kann ich offen \u00fcber alles reden, auch abseits vom Basketball, und er k\u00fcmmert sich um alles. Das macht es mir leichter, gute Entscheidungen zu treffen. Jan ist f\u00fcr mich mittlerweile ein guter Freund geworden, der sich viel Zeit nimmt, um mir bei meinen Problemen zu helfen.<\/p><p class=\"testimonial_author\" style=\"\">Maxi Kleber<\/p><\/div><\/div><\/div><\/li><\/ul><\/div><\/div>[\/vc_column][\/vc_row]<\/p>\n","protected":false},"excerpt":{"rendered":"<p>[vc_row css_animation=&#8221;&#8221; row_type=&#8221;row&#8221; use_row_as_full_screen_section=&#8221;no&#8221; type=&#8221;grid&#8221; angled_section=&#8221;no&#8221; text_align=&#8221;left&#8221; background_image_as_pattern=&#8221;without_pattern&#8221; background_color=&#8221;#ffffff&#8221; padding_top=&#8221;87&#8243; padding_bottom=&#8221;0&#8243;][vc_column][vc_column_text] LUMANI STANDS FOR [\/vc_column_text][vc_separator type=&#8221;small&#8221; position=&#8221;center&#8221; up=&#8221;7&#8243; down=&#8221;38&#8243;][\/vc_column][\/vc_row][vc_row css_animation=&#8221;&#8221; row_type=&#8221;row&#8221; use_row_as_full_screen_section=&#8221;no&#8221; type=&#8221;grid&#8221; angled_section=&#8221;no&#8221; text_align=&#8221;left&#8221; background_image_as_pattern=&#8221;without_pattern&#8221; background_color=&#8221;#ffffff&#8221;][vc_column width=&#8221;1\/3&#8243;][vc_row_inner row_type=&#8221;row&#8221; use_as_box=&#8221;use_row_as_box&#8221; type=&#8221;full_width&#8221; text_align=&#8221;left&#8221; css_animation=&#8221;&#8221; padding=&#8221;10&#8243;][vc_column_inner][vc_column_text] GUIDANCE [\/vc_column_text][vc_separator type=&#8221;small&#8221; position=&#8221;left&#8221; up=&#8221;6&#8243;][vc_column_text] We advice in all legal aspects&#8230;<\/p>\n","protected":false},"author":5,"featured_media":0,"parent":0,"menu_order":0,"comment_status":"open","ping_status":"open","template":"full_width.php","meta":[],"translation":{"provider":"WPGlobus","version":"2.10.10","language":"en","enabled_languages":["de","en"],"languages":{"de":{"title":true,"content":true,"excerpt":false},"en":{"title":true,"content":true,"excerpt":false}}},"_links":{"self":[{"href":"https:\/\/lumani107.net\/en\/wp-json\/wp\/v2\/pages\/13396"}],"collection":[{"href":"https:\/\/lumani107.net\/en\/wp-json\/wp\/v2\/pages"}],"about":[{"href":"https:\/\/lumani107.net\/en\/wp-json\/wp\/v2\/types\/page"}],"author":[{"embeddable":true,"href":"https:\/\/lumani107.net\/en\/wp-json\/wp\/v2\/users\/5"}],"replies":[{"embeddable":true,"href":"https:\/\/lumani107.net\/en\/wp-json\/wp\/v2\/comments?post=13396"}],"version-history":[{"count":3,"href":"https:\/\/lumani107.net\/en\/wp-json\/wp\/v2\/pages\/13396\/revisions"}],"predecessor-version":[{"id":15580,"href":"https:\/\/lumani107.net\/en\/wp-json\/wp\/v2\/pages\/13396\/revisions\/15580"}],"wp:attachment":[{"href":"https:\/\/lumani107.net\/en\/wp-json\/wp\/v2\/media?parent=13396"}],"curies":[{"name":"wp","href":"https:\/\/api.w.org\/{rel}","templated":true}]}}